


{"id":2208,"date":"2015-11-09T11:38:56","date_gmt":"2015-11-09T10:38:56","guid":{"rendered":"https:\/\/www.u-nite.be\/home\/"},"modified":"2021-07-07T09:55:34","modified_gmt":"2021-07-07T07:55:34","slug":"home","status":"publish","type":"page","link":"https:\/\/www.u-nite.be\/de\/","title":{"rendered":"Home"},"content":{"rendered":"<div class=\"wpb-content-wrapper\">[mk_page_section bg_image=&#8220;https:\/\/www.u-nite.be\/wordpress\/wp-content\/uploads\/2021\/06\/sunflower-5370278_1280.jpg&#8220; bg_position=&#8220;center center&#8220; bg_repeat=&#8220;no-repeat&#8220; bg_stretch=&#8220;true&#8220; enable_3d=&#8220;true&#8220; padding_top=&#8220;100&#8243; padding_bottom=&#8220;100&#8243; top_shape_style=&#8220;curve-top&#8220; top_shape_color=&#8220;#ffffff&#8220; has_bottom_shape_divider=&#8220;true&#8220; bottom_shape_style=&#8220;curve-bottom&#8220; bottom_shape_color=&#8220;#000000&#8243; sidebar=&#8220;sidebar-1&#8243;][vc_column][vc_empty_space height=&#8220;150px&#8220;][\/vc_column][\/mk_page_section][mk_page_section bg_color=&#8220;#eab741&#8243; min_height=&#8220;0&#8243; padding_top=&#8220;50&#8243; padding_bottom=&#8220;0&#8243; top_shape_style=&#8220;curve-top&#8220; top_shape_color=&#8220;#ffffff&#8220; has_bottom_shape_divider=&#8220;true&#8220; bottom_shape_style=&#8220;curve-bottom&#8220; bottom_shape_color=&#8220;#ffffff&#8220; sidebar=&#8220;sidebar-1&#8243;][vc_column][mk_fancy_title tag_name=&#8220;span&#8220; size=&#8220;18&#8243; line_height=&#8220;140&#8243; font_weight=&#8220;300&#8243; margin_bottom=&#8220;0&#8243; font_family=&#8220;none&#8220; animation=&#8220;fade-in&#8220;]\n<h3>Liebe Freunde,<\/h3>\n<h3>Vor einigen Wochen mussten wir leider mitteilen, dass\u00a0 U-NITE 2021 nicht stattfinden wird.<\/h3>\n<h3>Jetzt freuen wir uns, U-GATHERING anzuk\u00fcndigen, eine eint\u00e4gige Veranstaltung, die am 21. August in der N\u00e4he von Leuven stattfindet.<\/h3>\n<h3>Bitte registrieren Sie sich per E-Mail an INFO@U-NITE.BE<\/h3>\n<h3>\nMehr Infos unter &#8222;Anmeldung&#8220; im Men\u00fc dieser Website.<\/h3>\n<h3>Wir hoffen, es geht euch allen gut und wir hoffen auf ein baldiges Wiedersehen!<\/h3>\n<h3>U-TEAM<\/h3>\n[\/mk_fancy_title][\/vc_column][\/mk_page_section][mk_page_section bg_color=&#8220;#d3e2e2&#8243; padding_top=&#8220;50&#8243; padding_bottom=&#8220;50&#8243; top_shape_style=&#8220;curve-top&#8220; top_shape_color=&#8220;&#8220; bottom_shape_style=&#8220;curve-bottom&#8220; bottom_shape_color=&#8220;#ffffff&#8220; bottom_shape_bg_color=&#8220;#d3e2e2&#8243; sidebar=&#8220;sidebar-1&#8243;][vc_column][vc_column_text css=&#8220;.vc_custom_1567780573201{margin-bottom: 0px !important;}&#8220;]\n<h2>Get a taste of what 2019 was like&#8230;<\/h2>\n[\/vc_column_text][vc_video link=&#8220;https:\/\/www.youtube.com\/watch?v=JrRlfUKXlrM&#8220;][\/vc_column][\/mk_page_section][vc_row][vc_column][mk_fancy_title][\/mk_fancy_title][\/vc_column][\/vc_row]\n<\/div>","protected":false},"excerpt":{"rendered":"<p>[mk_page_section bg_image=&#8220;https:\/\/www.u-nite.be\/wordpress\/wp-content\/uploads\/2021\/06\/sunflower-5370278_1280.jpg&#8220; bg_position=&#8220;center center&#8220; bg_repeat=&#8220;no-repeat&#8220; bg_stretch=&#8220;true&#8220; enable_3d=&#8220;true&#8220; padding_top=&#8220;100&#8243; padding_bottom=&#8220;100&#8243; top_shape_style=&#8220;curve-top&#8220; top_shape_color=&#8220;#ffffff&#8220; has_bottom_shape_divider=&#8220;true&#8220; bottom_shape_style=&#8220;curve-bottom&#8220; bottom_shape_color=&#8220;#000000&#8243; sidebar=&#8220;sidebar-1&#8243;][vc_column][vc_empty_space height=&#8220;150px&#8220;][\/vc_column][\/mk_page_section][mk_page_section bg_color=&#8220;#eab741&#8243; min_height=&#8220;0&#8243; padding_top=&#8220;50&#8243; padding_bottom=&#8220;0&#8243; top_shape_style=&#8220;curve-top&#8220; top_shape_color=&#8220;#ffffff&#8220; has_bottom_shape_divider=&#8220;true&#8220; bottom_shape_style=&#8220;curve-bottom&#8220; bottom_shape_color=&#8220;#ffffff&#8220; sidebar=&#8220;sidebar-1&#8243;][vc_column][mk_fancy_title tag_name=&#8220;span&#8220; size=&#8220;18&#8243; line_height=&#8220;140&#8243; font_weight=&#8220;300&#8243; [&hellip;]<\/p>\n","protected":false},"author":1,"featured_media":0,"parent":0,"menu_order":0,"comment_status":"closed","ping_status":"open","template":"","meta":{"footnotes":""},"class_list":["post-2208","page","type-page","status-publish","hentry"],"_links":{"self":[{"href":"https:\/\/www.u-nite.be\/de\/wp-json\/wp\/v2\/pages\/2208","targetHints":{"allow":["GET"]}}],"collection":[{"href":"https:\/\/www.u-nite.be\/de\/wp-json\/wp\/v2\/pages"}],"about":[{"href":"https:\/\/www.u-nite.be\/de\/wp-json\/wp\/v2\/types\/page"}],"author":[{"embeddable":true,"href":"https:\/\/www.u-nite.be\/de\/wp-json\/wp\/v2\/users\/1"}],"replies":[{"embeddable":true,"href":"https:\/\/www.u-nite.be\/de\/wp-json\/wp\/v2\/comments?post=2208"}],"version-history":[{"count":76,"href":"https:\/\/www.u-nite.be\/de\/wp-json\/wp\/v2\/pages\/2208\/revisions"}],"predecessor-version":[{"id":6508,"href":"https:\/\/www.u-nite.be\/de\/wp-json\/wp\/v2\/pages\/2208\/revisions\/6508"}],"wp:attachment":[{"href":"https:\/\/www.u-nite.be\/de\/wp-json\/wp\/v2\/media?parent=2208"}],"curies":[{"name":"wp","href":"https:\/\/api.w.org\/{rel}","templated":true}]}}