


{"id":4242,"date":"2018-02-02T15:04:07","date_gmt":"2018-02-02T14:04:07","guid":{"rendered":"https:\/\/www.u-nite.be\/support\/"},"modified":"2019-11-19T09:52:12","modified_gmt":"2019-11-19T08:52:12","slug":"support","status":"publish","type":"page","link":"https:\/\/www.u-nite.be\/de\/support\/","title":{"rendered":"Support"},"content":{"rendered":"<div class=\"wpb-content-wrapper\">[vc_row][vc_column width=&#8220;2\/3&#8243;][vc_column_text css=&#8220;.vc_custom_1548935025919{margin-bottom: 0px !important;}&#8220;]<span style=\"font-weight: 400;\">Dear friend, <\/span><\/p>\n<p>Wenn Sie die Vision von U-NITE finanziell unterst\u00fctzen und dazu beitragen wollen, dass wir U-NITE auch in den folgenden Jahren organisieren k\u00f6nnen, w\u00fcrden wir gerne mit Ihnen zusammenarbeiten.<\/p>\n<p>Eine kleine monatliche \u00dcberweisung z.B. 20\u20ac (was einem Kinobesucher gleichkommt) hilft uns die laufenden Kosten, wie Miete, B\u00fcrokosten usw. zu finanzieren.<\/p>\n<p><span style=\"font-weight: 400;\">Wir sind nat\u00fcrlich auch dankbar f\u00fcr einmalige Spenden!<\/span>[\/vc_column_text][\/vc_column][vc_column width=&#8220;1\/3&#8243;][vc_column_text css=&#8220;.vc_custom_1574150949027{margin-bottom: 0px !important;}&#8220;]Helfen Sie uns unser monatliches Ziel von <strong>1000\u20ac<\/strong> zu erreichen.[\/vc_column_text][vc_progress_bar values=&#8220;%5B%7B%22value%22%3A%2232%22%7D%5D&#8220; bgcolor=&#8220;bar_red&#8220; options=&#8220;striped&#8220; units=&#8220;%&#8220;][\/vc_column][\/vc_row][vc_row][vc_column][vc_tta_tabs style=&#8220;modern&#8220; shape=&#8220;square&#8220; active_section=&#8220;1&#8243;][vc_tta_section title=&#8220;Einmalige Spende&#8220; tab_id=&#8220;onetime&#8220;][vc_row_inner][vc_column_inner width=&#8220;1\/3&#8243;][mk_fancy_title size=&#8220;24&#8243; font_family=&#8220;none&#8220;]Spenden via Bank Transfer[\/mk_fancy_title][vc_column_text css=&#8220;.vc_custom_1517582986836{margin-bottom: 0px !important;}&#8220;]<b>SAVE &amp; SOUND VZW<br \/>\n<\/b><span style=\"font-weight: 400;\">IBAN: BE56 7360 2365 1088<br \/>\n<\/span><span style=\"font-weight: 400;\">BIC: KREDBEBB<\/span>[\/vc_column_text][\/vc_column_inner][vc_column_inner width=&#8220;2\/3&#8243;][mk_fancy_title size=&#8220;24&#8243; font_family=&#8220;none&#8220;]Online Spenden[\/mk_fancy_title]<script type=\"text\/javascript\">\n\/* <![CDATA[ *\/\nvar gform;gform||(document.addEventListener(\"gform_main_scripts_loaded\",function(){gform.scriptsLoaded=!0}),document.addEventListener(\"gform\/theme\/scripts_loaded\",function(){gform.themeScriptsLoaded=!0}),window.addEventListener(\"DOMContentLoaded\",function(){gform.domLoaded=!0}),gform={domLoaded:!1,scriptsLoaded:!1,themeScriptsLoaded:!1,isFormEditor:()=>\"function\"==typeof InitializeEditor,callIfLoaded:function(o){return!(!gform.domLoaded||!gform.scriptsLoaded||!gform.themeScriptsLoaded&&!gform.isFormEditor()||(gform.isFormEditor()&&console.warn(\"The use of gform.initializeOnLoaded() is deprecated in the form editor context and will be removed in Gravity Forms 3.1.\"),o(),0))},initializeOnLoaded:function(o){gform.callIfLoaded(o)||(document.addEventListener(\"gform_main_scripts_loaded\",()=>{gform.scriptsLoaded=!0,gform.callIfLoaded(o)}),document.addEventListener(\"gform\/theme\/scripts_loaded\",()=>{gform.themeScriptsLoaded=!0,gform.callIfLoaded(o)}),window.addEventListener(\"DOMContentLoaded\",()=>{gform.domLoaded=!0,gform.callIfLoaded(o)}))},hooks:{action:{},filter:{}},addAction:function(o,r,e,t){gform.addHook(\"action\",o,r,e,t)},addFilter:function(o,r,e,t){gform.addHook(\"filter\",o,r,e,t)},doAction:function(o){gform.doHook(\"action\",o,arguments)},applyFilters:function(o){return gform.doHook(\"filter\",o,arguments)},removeAction:function(o,r){gform.removeHook(\"action\",o,r)},removeFilter:function(o,r,e){gform.removeHook(\"filter\",o,r,e)},addHook:function(o,r,e,t,n){null==gform.hooks[o][r]&&(gform.hooks[o][r]=[]);var d=gform.hooks[o][r];null==n&&(n=r+\"_\"+d.length),gform.hooks[o][r].push({tag:n,callable:e,priority:t=null==t?10:t})},doHook:function(r,o,e){var t;if(e=Array.prototype.slice.call(e,1),null!=gform.hooks[r][o]&&((o=gform.hooks[r][o]).sort(function(o,r){return o.priority-r.priority}),o.forEach(function(o){\"function\"!=typeof(t=o.callable)&&(t=window[t]),\"action\"==r?t.apply(null,e):e[0]=t.apply(null,e)})),\"filter\"==r)return e[0]},removeHook:function(o,r,t,n){var e;null!=gform.hooks[o][r]&&(e=(e=gform.hooks[o][r]).filter(function(o,r,e){return!!(null!=n&&n!=o.tag||null!=t&&t!=o.priority)}),gform.hooks[o][r]=e)}});\n\/* ]]> *\/\n<\/script>\n\n                <div class='gf_browser_gecko gform_wrapper gform_legacy_markup_wrapper gform-theme--no-framework' data-form-theme='legacy' data-form-index='0' id='gform_wrapper_5' style='display:none'><div id='gf_5' class='gform_anchor' tabindex='-1'><\/div><form method='post' enctype='multipart\/form-data' target='gform_ajax_frame_5' id='gform_5'  action='\/de\/wp-json\/wp\/v2\/pages\/4242#gf_5' data-formid='5' novalidate>\n                        <div class='gform-body gform_body'><ul id='gform_fields_5' class='gform_fields top_label form_sublabel_below description_below validation_below'><li id=\"field_5_2\" class=\"gfield gfield--type-name gfield_contains_required field_sublabel_below gfield--no-description field_description_below field_validation_below gfield_visibility_visible\"  ><label class='gfield_label gform-field-label gfield_label_before_complex' >Name<span class=\"gfield_required\"><span class=\"gfield_required gfield_required_asterisk\">*<\/span><\/span><\/label><div class='ginput_complex ginput_container ginput_container--name no_prefix has_first_name no_middle_name has_last_name no_suffix gf_name_has_2 ginput_container_name gform-grid-row' id='input_5_2'>\n                            \n                            <span id='input_5_2_3_container' class='name_first gform-grid-col gform-grid-col--size-auto' >\n                                                    <input type='text' name='input_2.3' id='input_5_2_3' value='' tabindex='51'  aria-required='true'     \/>\n                                                    <label for='input_5_2_3' class='gform-field-label gform-field-label--type-sub '>Vorname<\/label>\n                                                <\/span>\n                            \n                            <span id='input_5_2_6_container' class='name_last gform-grid-col gform-grid-col--size-auto' >\n                                                    <input type='text' name='input_2.6' id='input_5_2_6' value='' tabindex='53'  aria-required='true'     \/>\n                                                    <label for='input_5_2_6' class='gform-field-label gform-field-label--type-sub '>Nachname<\/label>\n                                                <\/span>\n                            \n                        <\/div><\/li><li id=\"field_5_3\" class=\"gfield gfield--type-email gfield_contains_required field_sublabel_below gfield--no-description field_description_below field_validation_below gfield_visibility_visible\"  ><label class='gfield_label gform-field-label gfield_label_before_complex' >Email<span class=\"gfield_required\"><span class=\"gfield_required gfield_required_asterisk\">*<\/span><\/span><\/label><div class='ginput_complex ginput_container ginput_container_email gform-grid-row' id='input_5_3_container'>\n                                <span id='input_5_3_1_container' class='ginput_left gform-grid-col gform-grid-col--size-auto'>\n                                    <input class='' type='email' name='input_3' id='input_5_3' value='' tabindex='55'   aria-required=\"true\" aria-invalid=\"false\"  \/>\n                                    <label for='input_5_3' class='gform-field-label gform-field-label--type-sub '>E-Mail eingeben<\/label>\n                                <\/span>\n                                <span id='input_5_3_2_container' class='ginput_right gform-grid-col gform-grid-col--size-auto'>\n                                    <input class='' type='email' name='input_3_2' id='input_5_3_2' value='' tabindex='56'   aria-required=\"true\" aria-invalid=\"false\"  \/>\n                                    <label for='input_5_3_2' class='gform-field-label gform-field-label--type-sub '>E-Mail best\u00e4tigen<\/label>\n                                <\/span>\n                                <div class='gf_clear gf_clear_complex'><\/div>\n                            <\/div><\/li><li id=\"field_5_4\" class=\"gfield gfield--type-product gfield--type-choice gfield--input-type-radio gf_list_inline gf_left_half gfield_price gfield_price_5_4 gfield_product_5_4 gfield_contains_required field_sublabel_below gfield--no-description field_description_below field_validation_below gfield_visibility_visible\"  ><label class='gfield_label gform-field-label' >Donation amount<span class=\"gfield_required\"><span class=\"gfield_required gfield_required_asterisk\">*<\/span><\/span><\/label><div class='ginput_container ginput_container_radio'><ul class='gfield_radio' id='input_5_4'>\n\t\t\t<li class='gchoice gchoice_5_4_0'>\n\t\t\t\t<input name='input_4' type='radio' value='25 \u20ac|25'  id='choice_5_4_0' tabindex='57'   \/>\n\t\t\t\t<label for='choice_5_4_0' id='label_5_4_0' class='gform-field-label gform-field-label--type-inline'>25 \u20ac<\/label>\n\t\t\t<\/li>\n\t\t\t<li class='gchoice gchoice_5_4_1'>\n\t\t\t\t<input name='input_4' type='radio' value='50 \u20ac|50' checked='checked' id='choice_5_4_1' tabindex='58'   \/>\n\t\t\t\t<label for='choice_5_4_1' id='label_5_4_1' class='gform-field-label gform-field-label--type-inline'>50 \u20ac<\/label>\n\t\t\t<\/li>\n\t\t\t<li class='gchoice gchoice_5_4_2'>\n\t\t\t\t<input name='input_4' type='radio' value='100 \u20ac|100'  id='choice_5_4_2' tabindex='59'   \/>\n\t\t\t\t<label for='choice_5_4_2' id='label_5_4_2' class='gform-field-label gform-field-label--type-inline'>100 \u20ac<\/label>\n\t\t\t<\/li>\n\t\t\t<li class='gchoice gchoice_5_4_3'>\n\t\t\t\t<input name='input_4' type='radio' value='250 \u20ac|250'  id='choice_5_4_3' tabindex='60'   \/>\n\t\t\t\t<label for='choice_5_4_3' id='label_5_4_3' class='gform-field-label gform-field-label--type-inline'>250 \u20ac<\/label>\n\t\t\t<\/li>\n\t\t\t<li class='gchoice gchoice_5_4_4'>\n\t\t\t\t<input name='input_4' type='radio' value='Other|0'  id='choice_5_4_4' tabindex='61'   \/>\n\t\t\t\t<label for='choice_5_4_4' id='label_5_4_4' class='gform-field-label gform-field-label--type-inline'>Other<\/label>\n\t\t\t<\/li><\/ul><\/div><\/li><li id=\"field_5_8\" class=\"gfield gfield--type-product gfield--input-type-price gf_right_half gfield_price gfield_price_5_8 gfield_product_5_8 gfield_contains_required field_sublabel_below gfield--no-description field_description_below field_validation_below gfield_visibility_visible\"  ><label class='gfield_label gform-field-label' for='input_5_8'>Other amount<span class=\"gfield_required\"><span class=\"gfield_required gfield_required_asterisk\">*<\/span><\/span><\/label><div class='ginput_container ginput_container_product_price'>\n\t\t\t\t\t<input name='input_8' id='input_5_8' type='text' value='' class='medium ginput_amount' tabindex='62'  aria-required=\"true\" aria-invalid=\"false\"  \/>\n\t\t\t\t<\/div><\/li><li id=\"field_5_6\" class=\"gfield gfield--type-radio gfield--type-choice gf_list_inline gfield_contains_required field_sublabel_below gfield--no-description field_description_below field_validation_below gfield_visibility_visible\"  ><label class='gfield_label gform-field-label' >Payment Method<span class=\"gfield_required\"><span class=\"gfield_required gfield_required_asterisk\">*<\/span><\/span><\/label><div class='ginput_container ginput_container_radio'><ul class='gfield_radio' id='input_5_6'>\n\t\t\t<li class='gchoice gchoice_5_6_0'>\n\t\t\t\t<input name='input_6' type='radio' value='Credit Card' checked='checked' id='choice_5_6_0' tabindex='63'   \/>\n\t\t\t\t<label for='choice_5_6_0' id='label_5_6_0' class='gform-field-label gform-field-label--type-inline'>Credit Card<\/label>\n\t\t\t<\/li>\n\t\t\t<li class='gchoice gchoice_5_6_1'>\n\t\t\t\t<input name='input_6' type='radio' value='PayPal'  id='choice_5_6_1' tabindex='64'   \/>\n\t\t\t\t<label for='choice_5_6_1' id='label_5_6_1' class='gform-field-label gform-field-label--type-inline'>PayPal<\/label>\n\t\t\t<\/li><\/ul><\/div><\/li><li id=\"field_5_9\" class=\"gfield gfield--type-html gfield_html gfield_html_formatted gfield_no_follows_desc field_sublabel_below gfield--no-description field_description_below field_validation_below gfield_visibility_visible\"  >You will be redirected to Stripe to finalise the donation. Make sure the URL starts with https:\/\/checkout.stripe.com\/<\/li><li id=\"field_5_7\" class=\"gfield gfield--type-html gfield_html gfield_html_formatted gfield_no_follows_desc field_sublabel_below gfield--no-description field_description_below field_validation_below gfield_visibility_visible\"  >You will be redirected to PayPal to finalise the donation. Make sure the URL starts with https:\/\/www.paypal.com\/<\/li><\/ul><\/div>\n        <div class='gform-footer gform_footer top_label'> <input type='submit' id='gform_submit_button_5' class='gform_button button' onclick='gform.submission.handleButtonClick(this);' data-submission-type='submit' value='Submit' tabindex='65' \/> <input type='hidden' name='gform_ajax' value='form_id=5&amp;title=&amp;description=&amp;tabindex=50&amp;theme=legacy&amp;styles=[]&amp;hash=8ec2f007b74c2614e3e4640f80fcac34' \/>\n            <input type='hidden' class='gform_hidden' name='gform_submission_method' data-js='gform_submission_method_5' value='iframe' \/>\n            <input type='hidden' class='gform_hidden' name='gform_theme' data-js='gform_theme_5' id='gform_theme_5' value='legacy' \/>\n            <input type='hidden' class='gform_hidden' name='gform_style_settings' data-js='gform_style_settings_5' id='gform_style_settings_5' value='[]' \/>\n            <input type='hidden' class='gform_hidden' name='is_submit_5' value='1' \/>\n            <input type='hidden' class='gform_hidden' name='gform_submit' value='5' \/>\n            \n            <input type='hidden' class='gform_hidden' name='gform_unique_id' value='' \/>\n            <input type='hidden' class='gform_hidden' name='state_5' value='WyJ7XCI0XCI6W1wiMGZlNGRkZGQ2MWNkMTUzNWFmNzc1ZDEwNWM5NzUwNzFcIixcIjRjODNhMWMyZDE5NjEwNjJkNzc0ODZlMmMyYzU1NzU0XCIsXCJiYzhhOGQxNjVhYTAwMDBjMWE5NDc5MWEzMWM3ZjQ4MlwiLFwiZjM5YzBhMTlhODBlY2U4Njk1N2I3MGViZGI3MDZlZTJcIixcIjA3ZGYwZDkzNDMxYTgxNDE2ZDc3OTg1ZjEyNDVhYzExXCJdfSIsImQ4MTMxMjc4MGIzOWFmNGE2Y2M1MDYyNjZmMDRjOWI5Il0=' \/>\n            <input type='hidden' autocomplete='off' class='gform_hidden' name='gform_target_page_number_5' id='gform_target_page_number_5' value='0' \/>\n            <input type='hidden' autocomplete='off' class='gform_hidden' name='gform_source_page_number_5' id='gform_source_page_number_5' value='1' \/>\n            <input type='hidden' name='gform_field_values' value='' \/>\n            \n        <\/div>\n                        <p style=\"display: none !important;\" class=\"akismet-fields-container\" data-prefix=\"ak_\"><label>&#916;<textarea name=\"ak_hp_textarea\" cols=\"45\" rows=\"8\" maxlength=\"100\"><\/textarea><\/label><input type=\"hidden\" id=\"ak_js_1\" name=\"ak_js\" value=\"199\"\/><script type=\"text\/javascript\">\n\/* <![CDATA[ *\/\ndocument.getElementById( \"ak_js_1\" ).setAttribute( \"value\", ( new Date() ).getTime() );\n\/* ]]> *\/\n<\/script>\n<\/p><\/form>\n                        <\/div>\n\t\t                <iframe style='display:none;width:0px;height:0px;' src='about:blank' name='gform_ajax_frame_5' id='gform_ajax_frame_5' title='Dieser iframe enth\u00e4lt die erforderliche Logik um Gravity Forms Formulare mit AJAX zu handhaben.'><\/iframe>\n\t\t                <script type=\"text\/javascript\">\n\/* <![CDATA[ *\/\n gform.initializeOnLoaded( function() {gformInitSpinner( 5, 'https:\/\/www.u-nite.be\/wordpress\/wp-content\/plugins\/gravityforms\/images\/spinner.svg', true );jQuery('#gform_ajax_frame_5').on('load',function(){var contents = jQuery(this).contents().find('*').html();var is_postback = contents.indexOf('GF_AJAX_POSTBACK') >= 0;if(!is_postback){return;}var form_content = jQuery(this).contents().find('#gform_wrapper_5');var is_confirmation = jQuery(this).contents().find('#gform_confirmation_wrapper_5').length > 0;var is_redirect = contents.indexOf('gformRedirect(){') >= 0;var is_form = form_content.length > 0 && ! is_redirect && ! is_confirmation;var mt = parseInt(jQuery('html').css('margin-top'), 10) + parseInt(jQuery('body').css('margin-top'), 10) + 100;if(is_form){form_content.find('form').css('opacity', 0);jQuery('#gform_wrapper_5').html(form_content.html());if(form_content.hasClass('gform_validation_error')){jQuery('#gform_wrapper_5').addClass('gform_validation_error');} else {jQuery('#gform_wrapper_5').removeClass('gform_validation_error');}setTimeout( function() { \/* delay the scroll by 50 milliseconds to fix a bug in chrome *\/ jQuery(document).scrollTop(jQuery('#gform_wrapper_5').offset().top - mt); }, 50 );if(window['gformInitDatepicker']) {gformInitDatepicker();}if(window['gformInitPriceFields']) {gformInitPriceFields();}var current_page = jQuery('#gform_source_page_number_5').val();gformInitSpinner( 5, 'https:\/\/www.u-nite.be\/wordpress\/wp-content\/plugins\/gravityforms\/images\/spinner.svg', true );jQuery(document).trigger('gform_page_loaded', [5, current_page]);window['gf_submitting_5'] = false;}else if(!is_redirect){var confirmation_content = jQuery(this).contents().find('.GF_AJAX_POSTBACK').html();if(!confirmation_content){confirmation_content = contents;}jQuery('#gform_wrapper_5').replaceWith(confirmation_content);jQuery(document).scrollTop(jQuery('#gf_5').offset().top - mt);jQuery(document).trigger('gform_confirmation_loaded', [5]);window['gf_submitting_5'] = false;wp.a11y.speak(jQuery('#gform_confirmation_message_5').text());}else{jQuery('#gform_5').append(contents);if(window['gformRedirect']) {gformRedirect();}}jQuery(document).trigger(\"gform_pre_post_render\", [{ formId: \"5\", currentPage: \"current_page\", abort: function() { this.preventDefault(); } }]);        if (event && event.defaultPrevented) {                return;        }        const gformWrapperDiv = document.getElementById( \"gform_wrapper_5\" );        if ( gformWrapperDiv ) {            const visibilitySpan = document.createElement( \"span\" );            visibilitySpan.id = \"gform_visibility_test_5\";            gformWrapperDiv.insertAdjacentElement( \"afterend\", visibilitySpan );        }        const visibilityTestDiv = document.getElementById( \"gform_visibility_test_5\" );        let postRenderFired = false;        function triggerPostRender() {            if ( postRenderFired ) {                return;            }            postRenderFired = true;            gform.core.triggerPostRenderEvents( 5, current_page );            if ( visibilityTestDiv ) {                visibilityTestDiv.parentNode.removeChild( visibilityTestDiv );            }        }        function debounce( func, wait, immediate ) {            var timeout;            return function() {                var context = this, args = arguments;                var later = function() {                    timeout = null;                    if ( !immediate ) func.apply( context, args );                };                var callNow = immediate && !timeout;                clearTimeout( timeout );                timeout = setTimeout( later, wait );                if ( callNow ) func.apply( context, args );            };        }        const debouncedTriggerPostRender = debounce( function() {            triggerPostRender();        }, 200 );        if ( visibilityTestDiv && visibilityTestDiv.offsetParent === null ) {            const observer = new MutationObserver( ( mutations ) => {                mutations.forEach( ( mutation ) => {                    if ( mutation.type === 'attributes' && visibilityTestDiv.offsetParent !== null ) {                        debouncedTriggerPostRender();                        observer.disconnect();                    }                });            });            observer.observe( document.body, {                attributes: true,                childList: false,                subtree: true,                attributeFilter: [ 'style', 'class' ],            });        } else {            triggerPostRender();        }    } );} ); \n\/* ]]> *\/\n<\/script>\n[\/vc_column_inner][\/vc_row_inner][\/vc_tta_section][\/vc_tta_tabs][vc_column_text css=&#8220;.vc_custom_1560776811136{margin-bottom: 0px !important;}&#8220;]<span style=\"font-weight: 400;\">Thank you very much for showing your support for this project so that we can carry on the important work of bringing people in Belgium together.<\/span><\/p>\n<p><span style=\"font-weight: 400;\">The U-NITE Team.<\/span>[\/vc_column_text][\/vc_column][\/vc_row]\n<\/div>","protected":false},"excerpt":{"rendered":"<p>[vc_row][vc_column width=&#8220;2\/3&#8243;][vc_column_text css=&#8220;.vc_custom_1548935025919{margin-bottom: 0px !important;}&#8220;]Dear friend, Wenn Sie die Vision von U-NITE finanziell unterst\u00fctzen und dazu beitragen wollen, dass wir U-NITE auch in den folgenden Jahren organisieren k\u00f6nnen, w\u00fcrden wir [&hellip;]<\/p>\n","protected":false},"author":1,"featured_media":0,"parent":0,"menu_order":6,"comment_status":"closed","ping_status":"closed","template":"","meta":{"footnotes":""},"class_list":["post-4242","page","type-page","status-publish","hentry"],"_links":{"self":[{"href":"https:\/\/www.u-nite.be\/de\/wp-json\/wp\/v2\/pages\/4242","targetHints":{"allow":["GET"]}}],"collection":[{"href":"https:\/\/www.u-nite.be\/de\/wp-json\/wp\/v2\/pages"}],"about":[{"href":"https:\/\/www.u-nite.be\/de\/wp-json\/wp\/v2\/types\/page"}],"author":[{"embeddable":true,"href":"https:\/\/www.u-nite.be\/de\/wp-json\/wp\/v2\/users\/1"}],"replies":[{"embeddable":true,"href":"https:\/\/www.u-nite.be\/de\/wp-json\/wp\/v2\/comments?post=4242"}],"version-history":[{"count":3,"href":"https:\/\/www.u-nite.be\/de\/wp-json\/wp\/v2\/pages\/4242\/revisions"}],"predecessor-version":[{"id":6000,"href":"https:\/\/www.u-nite.be\/de\/wp-json\/wp\/v2\/pages\/4242\/revisions\/6000"}],"wp:attachment":[{"href":"https:\/\/www.u-nite.be\/de\/wp-json\/wp\/v2\/media?parent=4242"}],"curies":[{"name":"wp","href":"https:\/\/api.w.org\/{rel}","templated":true}]}}