


{"id":752,"date":"2016-04-19T11:01:32","date_gmt":"2016-04-19T09:01:32","guid":{"rendered":"http:\/\/www.u-nite.be\/de\/shop\/"},"modified":"2021-07-25T16:33:17","modified_gmt":"2021-07-25T14:33:17","slug":"tickets","status":"publish","type":"page","link":"https:\/\/www.u-nite.be\/de\/tickets\/","title":{"rendered":"Anmeldung"},"content":{"rendered":"<div class=\"wpb-content-wrapper\">[vc_row disable_element=&#8220;yes&#8220;][vc_column][vc_message color=&#8220;info&#8220; message_box_style=&#8220;solid-icon&#8220;]Wenn der Ticketvorverkauf beendet ist, ist es weiterhin m\u00f6glich, Tickets am Eingang zu kaufen. Wir akzeptieren jedoch nur Barzahlung als Zahlungsmethode. Wir sehen uns dort![\/vc_message][\/vc_column][\/vc_row][vc_row][vc_column][\/vc_column][\/vc_row][vc_row][vc_column][vc_column_text css=&#8220;.vc_custom_1627223326266{margin-bottom: 0px !important;}&#8220;]\n<h3>Liebe Freunde,<\/h3>\n<h3>das diesj\u00e4hrige U-GATHERING am 21. August wird eine Community-basierte Veranstaltung sein.<\/h3>\n<h3>Wir werden keine Tickets verkaufen, Sie m\u00fcssen sich jedoch per E-Mail registrieren an:<br \/>\ninfo@u-nite.be<\/h3>\n<h3>Die Teilnahmegeb\u00fchr betr\u00e4gt 12\u20ac f\u00fcr Erwachsene und 6\u20ac f\u00fcr Kinder ab 5 Jahren. (j\u00fcngere Kinder m\u00fcssen nicht bezahlen, m\u00fcssen aber trotzdem angemeldet werden).<br \/>\nF\u00fcr die Teilnahmegeb\u00fchr erhalten Sie 1 Essensgutschein und 3 Getr\u00e4nkegutscheine (2 Getr\u00e4nkegutscheine f\u00fcr Kinder) Livemusik, Crea Kids Corner, Lagerfeuer&#8230;.<\/h3>\n<h3>Die Registrierung wird validiert, sobald der genaue Betrag an<\/h3>\n<h3><em>Save and Sound vzw &#8211;\u00a0 BE56 7360 2365 1088 <\/em><\/h3>\n<h3>unter Angabe von 1 Namen und Anzahl der Erwachsenen und Kinder \u00fcberwiesen wurde.<\/h3>\n<h3>Die Adresse des Veranstaltungsortes wird nach Best\u00e4tigung der Anmeldung mitgeteilt.<\/h3>\n<h3>Wenn Sie Fragen haben, z\u00f6gern Sie nicht, uns eine E-Mail an die oben genannte E-Mail zu senden.<\/h3>\n<h3>U-TEAM<\/h3>\n[\/vc_column_text][\/vc_column][\/vc_row]\n<\/div>","protected":false},"excerpt":{"rendered":"<p>[vc_row disable_element=&#8220;yes&#8220;][vc_column][vc_message color=&#8220;info&#8220; message_box_style=&#8220;solid-icon&#8220;]Wenn der Ticketvorverkauf beendet ist, ist es weiterhin m\u00f6glich, Tickets am Eingang zu kaufen. Wir akzeptieren jedoch nur Barzahlung als Zahlungsmethode. Wir sehen uns dort![\/vc_message][\/vc_column][\/vc_row][vc_row][vc_column][\/vc_column][\/vc_row][vc_row][vc_column][vc_column_text css=&#8220;.vc_custom_1627223326266{margin-bottom: 0px [&hellip;]<\/p>\n","protected":false},"author":1,"featured_media":0,"parent":0,"menu_order":1,"comment_status":"closed","ping_status":"closed","template":"","meta":{"footnotes":""},"class_list":["post-752","page","type-page","status-publish","hentry"],"_links":{"self":[{"href":"https:\/\/www.u-nite.be\/de\/wp-json\/wp\/v2\/pages\/752","targetHints":{"allow":["GET"]}}],"collection":[{"href":"https:\/\/www.u-nite.be\/de\/wp-json\/wp\/v2\/pages"}],"about":[{"href":"https:\/\/www.u-nite.be\/de\/wp-json\/wp\/v2\/types\/page"}],"author":[{"embeddable":true,"href":"https:\/\/www.u-nite.be\/de\/wp-json\/wp\/v2\/users\/1"}],"replies":[{"embeddable":true,"href":"https:\/\/www.u-nite.be\/de\/wp-json\/wp\/v2\/comments?post=752"}],"version-history":[{"count":72,"href":"https:\/\/www.u-nite.be\/de\/wp-json\/wp\/v2\/pages\/752\/revisions"}],"predecessor-version":[{"id":6536,"href":"https:\/\/www.u-nite.be\/de\/wp-json\/wp\/v2\/pages\/752\/revisions\/6536"}],"wp:attachment":[{"href":"https:\/\/www.u-nite.be\/de\/wp-json\/wp\/v2\/media?parent=752"}],"curies":[{"name":"wp","href":"https:\/\/api.w.org\/{rel}","templated":true}]}}