


{"id":1559,"date":"2016-08-04T11:06:59","date_gmt":"2016-08-04T09:06:59","guid":{"rendered":"http:\/\/www.u-nite.be\/fr\/?page_id=1559"},"modified":"2019-06-17T14:54:16","modified_gmt":"2019-06-17T12:54:16","slug":"conditions-generales","status":"publish","type":"page","link":"https:\/\/www.u-nite.be\/fr\/infos\/conditions-generales\/","title":{"rendered":"Conditions g\u00e9n\u00e9rales"},"content":{"rendered":"<div class=\"wpb-content-wrapper\">[vc_row el_class=\u00a0\u00bbgtc\u00a0\u00bb][vc_column][vc_column_text css=\u00a0\u00bb.vc_custom_1560775967569{margin-bottom: 0px !important;}\u00a0\u00bb]<b>Conditions g\u00e9n\u00e9rales<\/b><\/p>\n<ol>\n<li style=\"list-style-type: none;\">\n<ol>\n<li style=\"font-weight: 400;\"><span style=\"font-weight: 400;\">La version actuelle des Conditions g\u00e9n\u00e9rales est d\u2019application.<\/span><\/li>\n<li style=\"font-weight: 400;\"><span style=\"font-weight: 400;\">Les conditions g\u00e9n\u00e9rales peuvent \u00eatre <\/span><span style=\"font-weight: 400;\">lues<\/span><span style=\"font-weight: 400;\"> sur le site U-Nite et lors de l\u2019inscription au festival.<\/span><\/li>\n<li style=\"font-weight: 400;\"><span style=\"font-weight: 400;\">En achetant un bracelet du festival, le participant d\u00e9clare avoir pris connaissance des Conditions G\u00e9n\u00e9rales.<\/span><\/li>\n<li style=\"font-weight: 400;\"><span style=\"font-weight: 400;\">En soumettant une demande de b\u00e9n\u00e9volat U-Nite, <\/span><span style=\"font-weight: 400;\">de<\/span><span style=\"font-weight: 400;\"> stand,<\/span><span style=\"font-weight: 400;\">d\u2019\u00eatre<\/span><span style=\"font-weight: 400;\"> animateur d\u2019un atelier ou artiste, le demandeur d\u00e9clare avoir pris connaissance des Conditions G\u00e9n\u00e9rales.<\/span><\/li>\n<\/ol>\n<\/li>\n<\/ol>\n<ol>\n<li style=\"list-style-type: none;\">\n<ol>\n<li style=\"font-weight: 400;\"><b>Lieux U-Nite<\/b>\n<ol>\n<li style=\"list-style-type: none;\">\n<ol>\n<li style=\"font-weight: 400;\"><span style=\"font-weight: 400;\">Les lieux de U-Nite couvrent l\u2019ensemble de la zone lou\u00e9e par l\u2019organisateur.<\/span><\/li>\n<li style=\"font-weight: 400;\"><span style=\"font-weight: 400;\">Le s\u00e9jour sur les lieux de U-Nite est autoris\u00e9 aux visiteurs uniquement pendant les heures d\u2019ouverture du festival communiqu\u00e9es par l\u2019organisateur.<\/span><\/li>\n<li style=\"font-weight: 400;\"><span style=\"font-weight: 400;\">Les bracelets U-Nite doivent \u00eatre port\u00e9s (au poignet) par les visiteurs et les b\u00e9n\u00e9voles sur les lieux U-Nite en tout temps. Les personnes sans un bracelet valide se verront refuser l\u2019acc\u00e8s \u00e0 l\u2019ensemble des lieux U-Nite.<\/span><\/li>\n<\/ol>\n<\/li>\n<\/ol>\n<\/li>\n<li style=\"font-weight: 400;\"><b>Billets \/ Bracelets<\/b>\n<ol>\n<li style=\"list-style-type: none;\">\n<ol>\n<li style=\"font-weight: 400;\"><span style=\"font-weight: 400;\">Les billets achet\u00e9s en pr\u00e9vente ne peuvent \u00eatre rembours\u00e9s au festival.<\/span><\/li>\n<li style=\"font-weight: 400;\"><span style=\"font-weight: 400;\">Les prix des billets sont d\u00e9finis sur le site web U-Nite.<\/span><\/li>\n<li style=\"font-weight: 400;\"><span style=\"font-weight: 400;\">Les prix d\u2019entr\u00e9e \u00e0 la porte sont diff\u00e9rents des prix d\u2019entr\u00e9e sur la page Internet.<\/span><\/li>\n<\/ol>\n<\/li>\n<\/ol>\n<\/li>\n<li style=\"font-weight: 400;\"><b>Chiens<\/b>\n<ol>\n<li style=\"list-style-type: none;\">\n<ol>\n<li style=\"font-weight: 400;\"><span style=\"font-weight: 400;\">Les chiens sont autoris\u00e9s au festival.<\/span><\/li>\n<li style=\"font-weight: 400;\"><span style=\"font-weight: 400;\">Les chiens doivent \u00eatre surveill\u00e9s et attach\u00e9s en laisse pendant toute la dur\u00e9e du festival, quelle que soit la taille et l\u2019\u00e2ge du chien.<\/span><\/li>\n<li style=\"font-weight: 400;\"><span style=\"font-weight: 400;\">Si l\u2019on retrouve un chien sans laisse \u00e0 plusieurs reprises, les droits de propri\u00e9t\u00e9 seront exerc\u00e9s.<\/span><\/li>\n<li style=\"font-weight: 400;\"><span style=\"font-weight: 400;\">Tout chien doit porter l\u2019\u00e9tiquette d\u2019identification fourni par l\u2019organisateur au niveau du col.<\/span><\/li>\n<li style=\"font-weight: 400;\"><span style=\"font-weight: 400;\">Chaque propri\u00e9taire de chien est oblig\u00e9 de collecter et jeter les d\u00e9jections de chien imm\u00e9diatement.<\/span><\/li>\n<li style=\"font-weight: 400;\"><span style=\"font-weight: 400;\">Les volontaires de s\u00e9curit\u00e9 peuvent exiger au propri\u00e9taire du chien de mettre <\/span><span style=\"font-weight: 400;\">une museli\u00e8re<\/span><span style=\"font-weight: 400;\">.<\/span><\/li>\n<\/ol>\n<\/li>\n<\/ol>\n<\/li>\n<li style=\"font-weight: 400;\"><b>Drogues<\/b>\n<ol>\n<li style=\"list-style-type: none;\">\n<ol>\n<li style=\"font-weight: 400;\"><span style=\"font-weight: 400;\">Il est strictement interdit de vendre ou <\/span><span style=\"font-weight: 400;\">de consommer <\/span><span style=\"font-weight: 400;\">des drogues sur l\u2019ensemble des lieux de l\u2019\u00e9v\u00e9nement.<\/span><\/li>\n<li style=\"font-weight: 400;\"><span style=\"font-weight: 400;\">Les droits de propri\u00e9t\u00e9 seront exerc\u00e9s pour toute infraction. L\u2019organisateur se r\u00e9serve le droit de d\u00e9clarer une telle infraction \u00e0 la police.<\/span><\/li>\n<\/ol>\n<\/li>\n<\/ol>\n<\/li>\n<li style=\"font-weight: 400;\"><b>Mat\u00e9riaux inflammables<\/b>\n<ol>\n<li style=\"list-style-type: none;\">\n<ol>\n<li style=\"font-weight: 400;\"><span style=\"font-weight: 400;\">Le<\/span><span style=\"font-weight: 400;\"> barbecue, la cuisson et les feux ouverts ne sont autoris\u00e9s que dans les zones d\u00e9sign\u00e9es <\/span><span style=\"font-weight: 400;\">\u00e0 cet effet<\/span><span style=\"font-weight: 400;\">.<\/span><\/li>\n<li style=\"font-weight: 400;\"><span style=\"font-weight: 400;\">Lors de l\u2019utilisation des lieux o\u00f9 le feu ouvert est autoris\u00e9, un adulte doit \u00eatre pr\u00e9sent en tout temps.<\/span><\/li>\n<li style=\"font-weight: 400;\"><span style=\"font-weight: 400;\">L\u2019approbation de ces lieux \u00e0 feu ouvert est donn\u00e9e par les sapeurs-pompiers.<\/span><\/li>\n<li style=\"font-weight: 400;\"><span style=\"font-weight: 400;\">Une interdiction g\u00e9n\u00e9rale de fumer est d\u2019application \u00e0 l\u2019int\u00e9rieur de tous les b\u00e2timents.<\/span><\/li>\n<li style=\"font-weight: 400;\"><span style=\"font-weight: 400;\">Les lois belges sur l\u2019interdiction de fumer pour la protection des non-fumeurs est d\u2019application.<\/span><\/li>\n<\/ol>\n<\/li>\n<\/ol>\n<\/li>\n<li style=\"font-weight: 400;\"><b>Camping<\/b>\n<ol>\n<li style=\"list-style-type: none;\">\n<ol>\n<li style=\"font-weight: 400;\"><span style=\"font-weight: 400;\">Le camping est autoris\u00e9 uniquement dans les zones d\u00e9sign\u00e9es par les b\u00e9n\u00e9voles.<\/span><\/li>\n<li style=\"font-weight: 400;\"><span style=\"font-weight: 400;\">Les voies d\u2019\u00e9vacuation doivent \u00eatre libres en tout temps. Il est interdit d\u2019utiliser des cordes ou quelconque obstacle dans ces zones.<\/span><\/li>\n<li style=\"font-weight: 400;\"><span style=\"font-weight: 400;\">Il n\u2019est pas possible de r\u00e9server des places de camping.<\/span><\/li>\n<li style=\"font-weight: 400;\"><span style=\"font-weight: 400;\">Seuls les v\u00e9hicules adapt\u00e9s pour le camping sont permis dans les zones de camping d\u00e9sign\u00e9s.<\/span>\n<ol>\n<li style=\"font-weight: 400;\"><span style=\"font-weight: 400;\">Les voitures ne sont pas autoris\u00e9s sur les pelouses et les espaces verts entour\u00e9s par des cl\u00f4tures.<\/span><\/li>\n<li style=\"font-weight: 400;\"><span style=\"font-weight: 400;\">Les v\u00e9hicules de camping, qui sont gar\u00e9s dans les zones d\u00e9sign\u00e9es pour le camping, doivent y rester jusqu\u2019\u00e0 la fin du festival.<\/span><\/li>\n<\/ol>\n<\/li>\n<li style=\"font-weight: 400;\"><span style=\"font-weight: 400;\">L\u2019utilisation de g\u00e9n\u00e9rateurs priv\u00e9s est interdit partout sur les lieux du festival.<\/span><\/li>\n<li style=\"font-weight: 400;\"><span style=\"font-weight: 400;\">Il est interdit de s\u2019alimenter en \u00e9lectricit\u00e9 \u00e0 partir du r\u00e9seau d\u2019alimentation \u00e9lectrique.<\/span><\/li>\n<\/ol>\n<\/li>\n<\/ol>\n<\/li>\n<li style=\"font-weight: 400;\"><b>S\u00e9curit\u00e9<\/b>\n<ol>\n<li style=\"list-style-type: none;\">\n<ol>\n<li style=\"font-weight: 400;\"><span style=\"font-weight: 400;\">Le personnel de s\u00e9curit\u00e9 <\/span><span style=\"font-weight: 400;\">a \u00e9t\u00e9 engag\u00e9 <\/span><span style=\"font-weight: 400;\">par l\u2019organisateur pour assurer un d\u00e9roulement <\/span><span style=\"font-weight: 400;\">ordonn\u00e9<\/span><span style=\"font-weight: 400;\"> et sans perturbation de l\u2019\u00e9v\u00e9nement.<\/span><\/li>\n<li style=\"font-weight: 400;\"><span style=\"font-weight: 400;\">L\u2019\u00e9quipe de s\u00e9curit\u00e9 exerce les droits de propri\u00e9t\u00e9.<\/span>\n<ol>\n<li style=\"font-weight: 400;\"><span style=\"font-weight: 400;\">Les instructions donn\u00e9es par l\u2019\u00e9quipe de s\u00e9curit\u00e9 doivent \u00eatre suivies.<\/span><\/li>\n<\/ol>\n<\/li>\n<li style=\"font-weight: 400;\"><span style=\"font-weight: 400;\">L\u2019utilisation des aires de stationnement et de camping est \u00e0 vos propres risques.<\/span><\/li>\n<\/ol>\n<\/li>\n<\/ol>\n<\/li>\n<li style=\"font-weight: 400;\"><b>Responsabilit\u00e9<\/b>\n<ol>\n<li style=\"list-style-type: none;\">\n<ol>\n<li style=\"font-weight: 400;\"><span style=\"font-weight: 400;\">L\u2019organisateur n\u2019est en aucun cas responsable des dommages caus\u00e9s \u00e0 la sant\u00e9 par le bruit et le volume lors des concerts ou d\u2019autres performances.<\/span><\/li>\n<li style=\"font-weight: 400;\"><span style=\"font-weight: 400;\">L\u2019organisateur n\u2019est \u00e9galement pas responsable des dommages \u00e0 des biens ou des dommages physiques \u00e0 moins que l\u2019intention d\u00e9lib\u00e9r\u00e9e ou une grave n\u00e9gligence <\/span><span style=\"font-weight: 400;\">puissent <\/span><span style=\"font-weight: 400;\">\u00eatre prouv\u00e9es.<\/span><\/li>\n<\/ol>\n<\/li>\n<\/ol>\n<\/li>\n<li style=\"font-weight: 400;\"><b>Objets ill\u00e9gaux<\/b>\n<ol>\n<li style=\"list-style-type: none;\">\n<ol>\n<li style=\"font-weight: 400;\"><span style=\"font-weight: 400;\">Les objets dangereux, tels que les objets pyrotechniques, des torches, des armes de toute nature, ainsi que des articles qui peuvent \u00eatre utilis\u00e9s comme projectiles ne sont pas autoris\u00e9s. Tout \u00e9l\u00e9ment qui viole cette r\u00e8gle sera confisqu\u00e9 par le personnel de s\u00e9curit\u00e9 sur place et ne peuvent \u00eatre retourn\u00e9s, m\u00eame apr\u00e8s la fin de l\u2019\u00e9v\u00e9nement.<\/span><\/li>\n<\/ol>\n<\/li>\n<\/ol>\n<\/li>\n<li style=\"font-weight: 400;\"><b>Mineurs<\/b>\n<ol>\n<li style=\"list-style-type: none;\">\n<ol>\n<li style=\"font-weight: 400;\"><span style=\"font-weight: 400;\">Les mineurs ne peuvent visiter le festival U-Nite que lorsqu\u2019ils sont accompagn\u00e9s par un adulte accompagnateur.<\/span>\n<ol>\n<li style=\"font-weight: 400;\"><span style=\"font-weight: 400;\">Le respect de cette mesure doit \u00eatre assur\u00e9 par les tuteurs l\u00e9gaux. Les parents sont responsables <\/span><span style=\"font-weight: 400;\">de <\/span><span style=\"font-weight: 400;\">leurs enfants.<\/span><\/li>\n<\/ol>\n<\/li>\n<li style=\"font-weight: 400;\"><span style=\"font-weight: 400;\">En outre, la loi relative \u00e0 la protection de la jeunesse est d\u2019application.<\/span><\/li>\n<\/ol>\n<\/li>\n<\/ol>\n<\/li>\n<li style=\"font-weight: 400;\"><b>Parking<\/b>\n<ol>\n<li style=\"list-style-type: none;\">\n<ol>\n<li style=\"font-weight: 400;\"><span style=\"font-weight: 400;\">Les espaces de stationnement fournis par l\u2019organisateur sont gratuits.<\/span><\/li>\n<li style=\"font-weight: 400;\"><span style=\"font-weight: 400;\">Les b\u00e9n\u00e9voles fourniront des conseils sur les espaces de stationnement pendant les heures de pointe.<\/span><\/li>\n<li style=\"font-weight: 400;\"><span style=\"font-weight: 400;\">Les r\u00e8gles de stationnement doivent \u00eatre respect\u00e9es. Tout v\u00e9hicule bloquant les voies d\u2019\u00e9vacuation ou les zones de retournement <\/span><span style=\"font-weight: 400;\">sera enlev\u00e9<\/span><span style=\"font-weight: 400;\"> aux frais du propri\u00e9taire.<\/span><\/li>\n<li style=\"font-weight: 400;\"><span style=\"font-weight: 400;\">L\u2019organisateur ne peut \u00eatre tenu responsable en cas de vol ou de dommages \u00e0 des v\u00e9hicules stationn\u00e9s dans les zones d\u00e9sign\u00e9es.<\/span><\/li>\n<li style=\"font-weight: 400;\"><span style=\"font-weight: 400;\">Sur l\u2019ensemble des lieux de l\u2019\u00e9v\u00e9nement, les v\u00e9hicules <\/span><span style=\"font-weight: 400;\">rouleront au pas<\/span><span style=\"font-weight: 400;\">.<\/span><\/li>\n<li style=\"font-weight: 400;\"><span style=\"font-weight: 400;\">Pour les r\u00e8glements du code de la route et le droit de passage, les r\u00e8glements en mati\u00e8re de trafic routier sont d\u2019application.<\/span><\/li>\n<\/ol>\n<\/li>\n<\/ol>\n<\/li>\n<li style=\"font-weight: 400;\"><b>Divers<\/b>\n<ol>\n<li style=\"list-style-type: none;\">\n<ol>\n<li style=\"font-weight: 400;\"><span style=\"font-weight: 400;\">Les boissons dans des bouteilles en verre, qui ont \u00e9t\u00e9 achet\u00e9<\/span><span style=\"font-weight: 400;\">e<\/span><span style=\"font-weight: 400;\">s \u00e0 l\u2019ext\u00e9rieur du lieu de l\u2019\u00e9v\u00e9nement, sont interdit<\/span><span style=\"font-weight: 400;\">e<\/span><span style=\"font-weight: 400;\">s et ne peuvent pas \u00eatre apport\u00e9<\/span><span style=\"font-weight: 400;\">e<\/span><span style=\"font-weight: 400;\">s sur le site de l\u2019\u00e9v\u00e9nement (y compris la zone de camping).<\/span><\/li>\n<li style=\"font-weight: 400;\"><span style=\"font-weight: 400;\">Il est interdit d\u2019apporter des boissons qui ne sont pas achet\u00e9<\/span><span style=\"font-weight: 400;\">e<\/span><span style=\"font-weight: 400;\">s \u00e0 l\u2019\u00e9v\u00e9nement dans les diff\u00e9rents lieux d\u2019\u00e9v\u00e9nements. Il est permis d\u2019apporter des boissons achet\u00e9<\/span><span style=\"font-weight: 400;\">e<\/span><span style=\"font-weight: 400;\">s sur le site de l\u2019\u00e9v\u00e9nement dans tous les lieux.<\/span>\n<ol>\n<li style=\"font-weight: 400;\"><span style=\"font-weight: 400;\">Par lieu de l\u2019\u00e9v\u00e9nement, nous entendons tout lieu, sc\u00e8ne, atelier, \u2026 sauf pour le camping.<\/span><\/li>\n<li style=\"font-weight: 400;\"><span style=\"font-weight: 400;\">Toutes les bouteilles de boissons distribu\u00e9es au festival sont la propri\u00e9t\u00e9 U-Nite et les consignes <\/span><span style=\"font-weight: 400;\">lui<\/span><span style=\"font-weight: 400;\"> appartiennent \u00e9galement.<\/span><\/li>\n<li style=\"font-weight: 400;\"><span style=\"font-weight: 400;\">Les bouteilles et canettes consign\u00e9es qui sont laiss\u00e9<\/span><span style=\"font-weight: 400;\">e<\/span><span style=\"font-weight: 400;\">s sur les lieux du festival, deviennent la propri\u00e9t\u00e9 de U-Nite. Il est interdit de collecter des bouteilles et des canettes consign\u00e9es.<\/span><\/li>\n<\/ol>\n<\/li>\n<li style=\"font-weight: 400;\"><span style=\"font-weight: 400;\">Les ordures sont \u00e0 \u00e9liminer dans les poubelles pr\u00e9vues.<\/span><\/li>\n<li style=\"font-weight: 400;\"><span style=\"font-weight: 400;\">L\u2019organisateur se r\u00e9serve le droit de modifier le programme de l\u2019\u00e9v\u00e9nement.<\/span><\/li>\n<li style=\"font-weight: 400;\"><span style=\"font-weight: 400;\">Les d\u00e9pliants externes ne peuvent \u00eatre distribu\u00e9s qu\u2019avec l\u2019autorisation de l\u2019\u00e9quipe administrative de l\u2019\u00e9v\u00e9nement.<\/span>\n<ol>\n<li style=\"font-weight: 400;\"><span style=\"font-weight: 400;\">Toute violation entra\u00eenera des frais de nettoyage de 100 euros. La partie l\u00e9s\u00e9e d\u00e9posera une plainte officielle pour les dommages mat\u00e9riels.<\/span><\/li>\n<li style=\"font-weight: 400;\"><span style=\"font-weight: 400;\">La vente priv\u00e9e ainsi que commerciale <\/span><span style=\"font-weight: 400;\">de<\/span><span style=\"font-weight: 400;\"> produits sans l\u2019autorisation de l\u2019organisateur n\u2019est pas autoris\u00e9<\/span><span style=\"font-weight: 400;\">e<\/span><span style=\"font-weight: 400;\">.<\/span><\/li>\n<\/ol>\n<\/li>\n<li style=\"font-weight: 400;\"><span style=\"font-weight: 400;\">La collecte d\u2019argent sur place n\u2019est pas autoris\u00e9e; des exemptions peuvent uniquement \u00eatre accord\u00e9es avant le festival.<\/span><\/li>\n<\/ol>\n<\/li>\n<\/ol>\n<\/li>\n<\/ol>\n<p><span style=\"font-weight: 400;\">L\u2019organisateur se r\u00e9serve le droit de prendre des images ainsi que des enregistrements audio et vid\u00e9o des visiteurs.<\/span><span style=\"font-weight: 400;\"><br \/>\n<\/span><span style=\"font-weight: 400;\">L\u2019organisateur se r\u00e9serve le droit d\u2019utiliser ces images et enregistrements sans paiement ni aucune forme de compensation.<\/span><span style=\"font-weight: 400;\"><br \/>\n<\/span><span style=\"font-weight: 400;\">L\u2019organisateur se r\u00e9serve le droit d\u2019utiliser ceux-ci et peu<\/span><span style=\"font-weight: 400;\">t<\/span><span style=\"font-weight: 400;\"> permettre leur utilisation \u00e0 une tierce partie dans toutes les formes de m\u00e9dias actuels et futurs, en particulier, mais non exclusivement, \u00e0 des fins journalistiques, promotion U-NITE, collecte de fonds, et toutes les autres activit\u00e9s commerciales de l\u2019organisateur et des entreprises associ\u00e9es.<\/span><\/li>\n<\/ol>\n[\/vc_column_text][\/vc_column][\/vc_row]\n<\/div>","protected":false},"excerpt":{"rendered":"<p>[vc_row el_class=\u00a0\u00bbgtc\u00a0\u00bb][vc_column][vc_column_text css=\u00a0\u00bb.vc_custom_1560775967569{margin-bottom: 0px !important;}\u00a0\u00bb]Conditions g\u00e9n\u00e9rales La version actuelle des Conditions g\u00e9n\u00e9rales est d\u2019application. Les conditions g\u00e9n\u00e9rales peuvent \u00eatre lues sur le site U-Nite et lors de l\u2019inscription au festival. [&hellip;]<\/p>\n","protected":false},"author":1,"featured_media":0,"parent":1545,"menu_order":0,"comment_status":"closed","ping_status":"closed","template":"","meta":{"footnotes":""},"class_list":["post-1559","page","type-page","status-publish","hentry"],"_links":{"self":[{"href":"https:\/\/www.u-nite.be\/fr\/wp-json\/wp\/v2\/pages\/1559","targetHints":{"allow":["GET"]}}],"collection":[{"href":"https:\/\/www.u-nite.be\/fr\/wp-json\/wp\/v2\/pages"}],"about":[{"href":"https:\/\/www.u-nite.be\/fr\/wp-json\/wp\/v2\/types\/page"}],"author":[{"embeddable":true,"href":"https:\/\/www.u-nite.be\/fr\/wp-json\/wp\/v2\/users\/1"}],"replies":[{"embeddable":true,"href":"https:\/\/www.u-nite.be\/fr\/wp-json\/wp\/v2\/comments?post=1559"}],"version-history":[{"count":7,"href":"https:\/\/www.u-nite.be\/fr\/wp-json\/wp\/v2\/pages\/1559\/revisions"}],"predecessor-version":[{"id":5521,"href":"https:\/\/www.u-nite.be\/fr\/wp-json\/wp\/v2\/pages\/1559\/revisions\/5521"}],"up":[{"embeddable":true,"href":"https:\/\/www.u-nite.be\/fr\/wp-json\/wp\/v2\/pages\/1545"}],"wp:attachment":[{"href":"https:\/\/www.u-nite.be\/fr\/wp-json\/wp\/v2\/media?parent=1559"}],"curies":[{"name":"wp","href":"https:\/\/api.w.org\/{rel}","templated":true}]}}