


{"id":2205,"date":"2015-11-09T11:38:56","date_gmt":"2015-11-09T10:38:56","guid":{"rendered":"https:\/\/www.u-nite.be\/accueil\/"},"modified":"2022-09-14T18:05:37","modified_gmt":"2022-09-14T16:05:37","slug":"home","status":"publish","type":"page","link":"https:\/\/www.u-nite.be\/fr\/","title":{"rendered":"Home"},"content":{"rendered":"<div class=\"wpb-content-wrapper\">[vc_row][vc_column][vc_empty_space height=\u00a0\u00bb240&Prime;][\/vc_column][\/vc_row][mk_page_section bg_color=\u00a0\u00bb#ffffff\u00a0\u00bb border_color=\u00a0\u00bb#000000&Prime; min_height=\u00a0\u00bb0&Prime; padding_top=\u00a0\u00bb50&Prime; padding_bottom=\u00a0\u00bb0&Prime; top_shape_style=\u00a0\u00bbfolded-top\u00a0\u00bb top_shape_color=\u00a0\u00bb#ffffff\u00a0\u00bb bottom_shape_style=\u00a0\u00bbcurve-bottom\u00a0\u00bb bottom_shape_color=\u00a0\u00bb#ffffff\u00a0\u00bb sidebar=\u00a0\u00bbsidebar-1&Prime;][vc_column][mk_fancy_title tag_name=\u00a0\u00bbspan\u00a0\u00bb color=\u00a0\u00bb#ffffff\u00a0\u00bb size=\u00a0\u00bb18&Prime; line_height=\u00a0\u00bb140&Prime; font_weight=\u00a0\u00bb300&Prime; margin_bottom=\u00a0\u00bb0&Prime; font_family=\u00a0\u00bbnone\u00a0\u00bb animation=\u00a0\u00bbfade-in\u00a0\u00bb]\n<h3 id=\"tw-target-text\" class=\"tw-data-text tw-text-large tw-ta\" dir=\"ltr\" data-placeholder=\"Translation\"><span class=\"Y2IQFc\" lang=\"fr\">Bienvenue, <\/span><\/h3>\n<h3 class=\"tw-data-text tw-text-large tw-ta\" dir=\"ltr\" data-placeholder=\"Translation\"><span class=\"Y2IQFc\" lang=\"fr\">une nouvelle saison, un nouveau concept. <\/span><\/h3>\n<h3 class=\"tw-data-text tw-text-large tw-ta\" dir=\"ltr\" data-placeholder=\"Translation\"><span class=\"Y2IQFc\" lang=\"fr\">Nous apportons une exp\u00e9rience de concert \u00e0 votre domicile, consultez le d\u00e9pliant ci-dessous. <\/span><\/h3>\n<h3 class=\"tw-data-text tw-text-large tw-ta\" dir=\"ltr\" data-placeholder=\"Translation\"><span class=\"Y2IQFc\" lang=\"fr\">Pour toutes les nouvelles et les d\u00e9tails, consultez les \u00e9v\u00e9nements. <\/span><\/h3>\n<h3 class=\"tw-data-text tw-text-large tw-ta\" dir=\"ltr\" data-placeholder=\"Translation\"><span class=\"Y2IQFc\" lang=\"fr\">Restez \u00e0 l&rsquo;\u00e9coute!<\/span><\/h3>\n[\/mk_fancy_title][vc_single_image image=\u00a0\u00bb6873&Prime; img_size=\u00a0\u00bblarge\u00a0\u00bb alignment=\u00a0\u00bbcenter\u00a0\u00bb][\/vc_column][\/mk_page_section][mk_page_section bg_color=\u00a0\u00bb#91ad5d\u00a0\u00bb padding_top=\u00a0\u00bb50&Prime; padding_bottom=\u00a0\u00bb50&Prime; top_shape_style=\u00a0\u00bbcurve-top\u00a0\u00bb top_shape_color=\u00a0\u00bb\u00a0\u00bb bottom_shape_style=\u00a0\u00bbcurve-bottom\u00a0\u00bb bottom_shape_color=\u00a0\u00bb#ffffff\u00a0\u00bb bottom_shape_bg_color=\u00a0\u00bb#d3e2e2&Prime; sidebar=\u00a0\u00bbsidebar-1&Prime;][vc_column][vc_column_text css=\u00a0\u00bb.vc_custom_1645536847163{margin-bottom: 0px !important;}\u00a0\u00bb]\n<h1 style=\"text-align: left;\">U-NITE GATHERING 2021 &#8211; GALLERIE<\/h1>\n[\/vc_column_text][\/vc_column][\/mk_page_section][vc_row][vc_column][mk_image_slideshow images=\u00a0\u00bb6726,6758,6754,6750,6746,6742,6738,6734,6730&Prime; image_width=\u00a0\u00bb881&Prime; image_height=\u00a0\u00bb502&Prime; margin_top=\u00a0\u00bb25&Prime; margin_bottom=\u00a0\u00bb25&Prime; animation_speed=\u00a0\u00bb1000&Prime; slideshow_speed=\u00a0\u00bb4000&Prime;][\/vc_column][\/vc_row][vc_row][vc_column][\/vc_column][\/vc_row][vc_row][vc_column][\/vc_column][\/vc_row]\n<\/div>","protected":false},"excerpt":{"rendered":"<p>[vc_row][vc_column][vc_empty_space height=\u00a0\u00bb240&Prime;][\/vc_column][\/vc_row][mk_page_section bg_color=\u00a0\u00bb#ffffff\u00a0\u00bb border_color=\u00a0\u00bb#000000&Prime; min_height=\u00a0\u00bb0&Prime; padding_top=\u00a0\u00bb50&Prime; padding_bottom=\u00a0\u00bb0&Prime; top_shape_style=\u00a0\u00bbfolded-top\u00a0\u00bb top_shape_color=\u00a0\u00bb#ffffff\u00a0\u00bb bottom_shape_style=\u00a0\u00bbcurve-bottom\u00a0\u00bb bottom_shape_color=\u00a0\u00bb#ffffff\u00a0\u00bb sidebar=\u00a0\u00bbsidebar-1&Prime;][vc_column][mk_fancy_title tag_name=\u00a0\u00bbspan\u00a0\u00bb color=\u00a0\u00bb#ffffff\u00a0\u00bb size=\u00a0\u00bb18&Prime; line_height=\u00a0\u00bb140&Prime; font_weight=\u00a0\u00bb300&Prime; margin_bottom=\u00a0\u00bb0&Prime; font_family=\u00a0\u00bbnone\u00a0\u00bb animation=\u00a0\u00bbfade-in\u00a0\u00bb] Bienvenue, une nouvelle saison, un nouveau concept. Nous apportons une [&hellip;]<\/p>\n","protected":false},"author":1,"featured_media":0,"parent":0,"menu_order":0,"comment_status":"closed","ping_status":"open","template":"","meta":{"footnotes":""},"class_list":["post-2205","page","type-page","status-publish","hentry"],"_links":{"self":[{"href":"https:\/\/www.u-nite.be\/fr\/wp-json\/wp\/v2\/pages\/2205","targetHints":{"allow":["GET"]}}],"collection":[{"href":"https:\/\/www.u-nite.be\/fr\/wp-json\/wp\/v2\/pages"}],"about":[{"href":"https:\/\/www.u-nite.be\/fr\/wp-json\/wp\/v2\/types\/page"}],"author":[{"embeddable":true,"href":"https:\/\/www.u-nite.be\/fr\/wp-json\/wp\/v2\/users\/1"}],"replies":[{"embeddable":true,"href":"https:\/\/www.u-nite.be\/fr\/wp-json\/wp\/v2\/comments?post=2205"}],"version-history":[{"count":106,"href":"https:\/\/www.u-nite.be\/fr\/wp-json\/wp\/v2\/pages\/2205\/revisions"}],"predecessor-version":[{"id":5175,"href":"https:\/\/www.u-nite.be\/fr\/wp-json\/wp\/v2\/pages\/2205\/revisions\/5175"}],"wp:attachment":[{"href":"https:\/\/www.u-nite.be\/fr\/wp-json\/wp\/v2\/media?parent=2205"}],"curies":[{"name":"wp","href":"https:\/\/api.w.org\/{rel}","templated":true}]}}