


{"id":4018,"date":"2018-01-11T12:53:02","date_gmt":"2018-01-11T11:53:02","guid":{"rendered":"https:\/\/www.u-nite.be\/a-propos-2\/"},"modified":"2022-09-14T18:32:39","modified_gmt":"2022-09-14T16:32:39","slug":"a-propos-2","status":"publish","type":"page","link":"https:\/\/www.u-nite.be\/fr\/a-propos-2\/","title":{"rendered":"\u00c0 propos"},"content":{"rendered":"<div class=\"wpb-content-wrapper\">[mk_page_section layout_structure=\u00a0\u00bbhalf_left\u00a0\u00bb bg_image=\u00a0\u00bbhttps:\/\/www.u-nite.be\/wordpress\/wp-content\/uploads\/2018\/02\/unite-6.jpg\u00a0\u00bb bg_stretch=\u00a0\u00bbtrue\u00a0\u00bb full_width=\u00a0\u00bbtrue\u00a0\u00bb padding_top=\u00a0\u00bb100&Prime; padding_bottom=\u00a0\u00bb100&Prime;][vc_column][mk_fancy_title size=\u00a0\u00bb24&Prime; font_family=\u00a0\u00bbnone\u00a0\u00bb]Vision[\/mk_fancy_title][vc_column_text css=\u00a0\u00bb.vc_custom_1663173149170{margin-bottom: 0px !important;}\u00a0\u00bb]<span style=\"font-weight: 400;\">La vision principale de U-NITE\u00a0 est d\u2019unir des personnes par les arts. <\/span><\/p>\n<p><b>UNIT\u00c9\u00a0<\/b><i><span style=\"font-weight: 400;\">(synonymes : consensus, harmonie, identit\u00e9, solidarit\u00e9)<\/span><\/i><\/p>\n<p>&nbsp;<\/p>\n<p><b>CR\u00c9ATIVIT\u00c9 <\/b><i><span style=\"font-weight: 400;\">(synonymes : imagination, inspiration, originalit\u00e9)<\/span><\/i><\/p>\n<p>&nbsp;<\/p>\n<p><b>INCLUSION <\/b><i><span style=\"font-weight: 400;\">(synonymes : universel, commun)<\/span><\/i>[\/vc_column_text][\/vc_column][\/mk_page_section][mk_page_section bg_color=\u00a0\u00bb#d3e2e2&Prime; padding_top=\u00a0\u00bb100&Prime; padding_bottom=\u00a0\u00bb100&Prime; sidebar=\u00a0\u00bbsidebar-1&Prime;][vc_column][vc_tta_accordion style=\u00a0\u00bboutline\u00a0\u00bb color=\u00a0\u00bbblack\u00a0\u00bb spacing=\u00a0\u00bb5&Prime; c_align=\u00a0\u00bbcenter\u00a0\u00bb c_icon=\u00a0\u00bbchevron\u00a0\u00bb active_section=\u00a0\u00bb0&Prime; no_fill=\u00a0\u00bbtrue\u00a0\u00bb][vc_tta_section title=\u00a0\u00bbEn savoir plus sur notre philosophie\u00a0\u00bb tab_id=\u00a0\u00bbbeliefs\u00a0\u00bb][mk_fancy_title size=\u00a0\u00bb24&Prime; font_family=\u00a0\u00bbnone\u00a0\u00bb]Philosophie[\/mk_fancy_title][mk_fancy_title tag_name=\u00a0\u00bbspan\u00a0\u00bb font_family=\u00a0\u00bbnone\u00a0\u00bb]U-NITE est un \u00e9v\u00e9nement ouvert aux personnes de toutes origines, croyances, ethnies, orientations sexuelles,\u2026<\/p>\n<p>Maintenant, il semble peut-\u00eatre un peu sp\u00e9ciale qu&rsquo;une telle vision vienne de personnes qui croient en Christ. 80% de l&rsquo;\u00e9quipe vient de diff\u00e9rents milieux chr\u00e9tiens. Ils comprennent l&rsquo;\u00e9vangile comme un message d&rsquo;amour et d&rsquo;int\u00e9gration, pas d&rsquo;exclusivit\u00e9.<\/p>\n<p>Chaque membre de l&rsquo;\u00e9quipe croit que l&rsquo;art peut fonctionner comme une expression de notre foi mais peut \u00e9galement \u00eatre utilis\u00e9 comme un pont entre des personnes venant d&rsquo;horizons diff\u00e9rents. Nous nous effor\u00e7ons d&rsquo;\u00eatre ouverts d&rsquo;esprit, sachant que nous pouvons apprendre les uns des autres.<\/p>\n<p>Devenir membre de notre \u00e9quipe ne d\u00e9pend pas de ce que vous croyez, mais plut\u00f4t si vous pouvez vous identifier \u00e0 notre philosophie et \u00e0 notre vision.<\/p>\n[\/mk_fancy_title][\/vc_tta_section][\/vc_tta_accordion][\/vc_column][\/mk_page_section][mk_page_section bg_image=\u00a0\u00bbhttps:\/\/www.u-nite.be\/wordpress\/wp-content\/uploads\/2018\/02\/unite-mask.jpg\u00a0\u00bb bg_position=\u00a0\u00bbcenter center\u00a0\u00bb bg_stretch=\u00a0\u00bbtrue\u00a0\u00bb enable_3d=\u00a0\u00bbtrue\u00a0\u00bb video_mask=\u00a0\u00bbtrue\u00a0\u00bb video_color_mask=\u00a0\u00bb#000000&Prime; padding_top=\u00a0\u00bb100&Prime; padding_bottom=\u00a0\u00bb100&Prime; sidebar=\u00a0\u00bbsidebar-1&Prime;][vc_column][vc_tta_accordion style=\u00a0\u00bboutline\u00a0\u00bb color=\u00a0\u00bbwhite\u00a0\u00bb spacing=\u00a0\u00bb5&Prime; c_align=\u00a0\u00bbcenter\u00a0\u00bb c_icon=\u00a0\u00bbchevron\u00a0\u00bb active_section=\u00a0\u00bb0&Prime; no_fill=\u00a0\u00bbtrue\u00a0\u00bb][vc_tta_section title=\u00a0\u00bbEn savoir plus sur notre mission\u00a0\u00bb tab_id=\u00a0\u00bbphilosophy\u00a0\u00bb][mk_fancy_title size=\u00a0\u00bb24&Prime; font_family=\u00a0\u00bbnone\u00a0\u00bb]Mission[\/mk_fancy_title][mk_fancy_title tag_name=\u00a0\u00bbspan\u00a0\u00bb font_family=\u00a0\u00bbnone\u00a0\u00bb]<span style=\"font-weight: 400;\">Une partie principale de la mission de cet \u00e9v\u00e9nement est d\u2019unir des personnes des diff\u00e9rentes r\u00e9gions linguistiques de la Belgique pendant un weekend d\u2019unit\u00e9 et de cr\u00e9ativit\u00e9. Il \u00e9tait donc important de trouver un lieu proche de la fronti\u00e8re linguistique en Belgique. Apr\u00e8s avoir longtemps cherch\u00e9, nous avons trouv\u00e9 l\u2019endroit id\u00e9al : \u201cDe Kluis\u201d \u00e0 <\/span><span style=\"font-weight: 400;\">Weert-Saint-Georges<\/span><span style=\"font-weight: 400;\"> (Sint-Joris-Weert), qui se trouve exactement sur cette fronti\u00e8re linguistique !<\/span><\/p>\n<p><b>UNITE (synonymes : consensus, harmonie, identit\u00e9, solidarit\u00e9)<\/b><\/p>\n<p><span style=\"font-weight: 400;\">Un rassemblement d\u2019un weekend au lieu d\u2019un \u00e9v\u00e9nement d\u2019une journ\u00e9e donne aux participants, qui viennent de Belgique et d\u2019ailleurs, de nombreuses opportunit\u00e9s pour se rencontrer et connecter en campant, mangeant, dansant, participant \u00e0 des ateliers et passant de chouettes moments ensemble. Nous sommes convaincus que r\u00e9unir des personnes de diff\u00e9rentes d\u00e9nominations et croyances donne un environnement propice \u00e0 la cr\u00e9ation de nouvelles relations, au d\u00e9veloppement de liens et d\u2019une meilleure compr\u00e9hension de la foi de chacun. Nous sommes clairs quant \u00e0 notre foi en J\u00e9sus Christ. Nous invitons chacun \u00e0 participer avec nous \u00e0 l\u2019organisation de cet \u00e9v\u00e9nement.<\/span><\/p>\n<p><b>CR\u00c9ATIVIT\u00c9 (synonymes : imagination, inspiration, originalit\u00e9)<\/b><\/p>\n<p><span style=\"font-weight: 400;\">Les arts sont la langue de la culture actuelle et les artistes fa\u00e7onnent cette culture. A travers les diff\u00e9rentes formes d\u2019expression artistiques, des personnes d\u2019arri\u00e8re-plans religieux et culturels diff\u00e9rents peuvent se r\u00e9unir \u00e0 un m\u00eame endroit. Nous croyons qu\u2019\u00eatre cr\u00e9atifs ensemble, que ce soit \u00e0 travers la photographie, la danse, le th\u00e9\u00e2tre, la peinture, la musique, etc., am\u00e8nera l\u2019unit\u00e9. Cela signifie qu\u2019U-Nite deviendra l\u2019\u00e9v\u00e9nement des participants puisqu\u2019ils y contribuent avec leurs propres moyens d\u2019expression et talents uniques.<\/span><\/p>\n<p><b>INCLUSION (synonymes : universel, commun)<\/b><\/p>\n<p><span style=\"font-weight: 400;\">Nous voulons cr\u00e9er un \u00e9v\u00e9nement ouvert \u00e0 chacun, quel que soit son arri\u00e8re-plan, ses croyances et son style de vie, dans une ambiance sans jugement et centr\u00e9e sur la communaut\u00e9. M\u00eame si nous sommes clairs quant \u00e0 notre foi en J\u00e9sus Christ, nous ne rejetons, ni ne condamnons les personnes qui ont d\u2019autres fois. Au contraire, nous voulons cr\u00e9er une plateforme o\u00f9 nous pouvons tous communiquer dans la langue culturelle d\u2019aujourd\u2019hui : les arts cr\u00e9atifs.<\/span><\/p>\n<p><b>CONCLUSION:<\/b><\/p>\n<p><b>Cr\u00e9ativit\u00e9 + Inclusion = Unit\u00e9<\/b><\/p>\n<p><span style=\"font-weight: 400;\">En poursuivant ces objectifs \u00e0 travers les arts cr\u00e9atifs pendant ce weekend, nous croyons qu\u2019il peut y avoir un impact fort et positif sur l\u2019unit\u00e9 en Belgique. La r\u00e9conciliation et la gu\u00e9rison d\u2019une nation divis\u00e9e commence par une fondation solide bas\u00e9e sur de bonnes relations et une meilleure compr\u00e9hension de ceux avec qui nous vivons.<\/span>[\/mk_fancy_title][\/vc_tta_section][\/vc_tta_accordion][\/vc_column][\/mk_page_section][vc_row css=\u00a0\u00bb.vc_custom_1517590918590{padding-top: 100px !important;padding-bottom: 100px !important;}\u00a0\u00bb][vc_column][mk_fancy_title size=\u00a0\u00bb24&Prime; font_family=\u00a0\u00bbnone\u00a0\u00bb align=\u00a0\u00bbcenter\u00a0\u00bb]Histoire[\/mk_fancy_title][vc_column_text css=\u00a0\u00bb.vc_custom_1517590958421{margin-bottom: 0px !important;}\u00a0\u00bb]\u00e0 d\u00e9couvrir bient\u00f4t[\/vc_column_text][\/vc_column][\/vc_row]\n<\/div>","protected":false},"excerpt":{"rendered":"<p>[mk_page_section layout_structure=\u00a0\u00bbhalf_left\u00a0\u00bb bg_image=\u00a0\u00bbhttps:\/\/www.u-nite.be\/wordpress\/wp-content\/uploads\/2018\/02\/unite-6.jpg\u00a0\u00bb bg_stretch=\u00a0\u00bbtrue\u00a0\u00bb full_width=\u00a0\u00bbtrue\u00a0\u00bb padding_top=\u00a0\u00bb100&Prime; padding_bottom=\u00a0\u00bb100&Prime;][vc_column][mk_fancy_title size=\u00a0\u00bb24&Prime; font_family=\u00a0\u00bbnone\u00a0\u00bb]Vision[\/mk_fancy_title][vc_column_text css=\u00a0\u00bb.vc_custom_1663173149170{margin-bottom: 0px !important;}\u00a0\u00bb]La vision principale de U-NITE\u00a0 est d\u2019unir des personnes par les arts. UNIT\u00c9\u00a0(synonymes : consensus, harmonie, identit\u00e9, solidarit\u00e9) &nbsp; [&hellip;]<\/p>\n","protected":false},"author":2,"featured_media":0,"parent":0,"menu_order":3,"comment_status":"closed","ping_status":"closed","template":"","meta":{"footnotes":""},"class_list":["post-4018","page","type-page","status-publish","hentry"],"_links":{"self":[{"href":"https:\/\/www.u-nite.be\/fr\/wp-json\/wp\/v2\/pages\/4018","targetHints":{"allow":["GET"]}}],"collection":[{"href":"https:\/\/www.u-nite.be\/fr\/wp-json\/wp\/v2\/pages"}],"about":[{"href":"https:\/\/www.u-nite.be\/fr\/wp-json\/wp\/v2\/types\/page"}],"author":[{"embeddable":true,"href":"https:\/\/www.u-nite.be\/fr\/wp-json\/wp\/v2\/users\/2"}],"replies":[{"embeddable":true,"href":"https:\/\/www.u-nite.be\/fr\/wp-json\/wp\/v2\/comments?post=4018"}],"version-history":[{"count":19,"href":"https:\/\/www.u-nite.be\/fr\/wp-json\/wp\/v2\/pages\/4018\/revisions"}],"predecessor-version":[{"id":6906,"href":"https:\/\/www.u-nite.be\/fr\/wp-json\/wp\/v2\/pages\/4018\/revisions\/6906"}],"wp:attachment":[{"href":"https:\/\/www.u-nite.be\/fr\/wp-json\/wp\/v2\/media?parent=4018"}],"curies":[{"name":"wp","href":"https:\/\/api.w.org\/{rel}","templated":true}]}}