


{"id":751,"date":"2016-04-19T11:01:32","date_gmt":"2016-04-19T09:01:32","guid":{"rendered":"http:\/\/www.u-nite.be\/fr\/shop\/"},"modified":"2022-09-14T18:21:47","modified_gmt":"2022-09-14T16:21:47","slug":"tickets","status":"publish","type":"page","link":"https:\/\/www.u-nite.be\/fr\/tickets\/","title":{"rendered":"Shop"},"content":{"rendered":"<div class=\"wpb-content-wrapper\">[vc_row disable_element=\u00a0\u00bbyes\u00a0\u00bb][vc_column][vc_message color=\u00a0\u00bbinfo\u00a0\u00bb message_box_style=\u00a0\u00bbsolid-icon\u00a0\u00bb]Les pr\u00e9ventes des tickets sont termin\u00e9es. Il est toujours possible d&rsquo;acheter des billets \u00e0 l&rsquo;entr\u00e9e, mais uniquement en cash. On esp\u00e8re vous y voir ![\/vc_message][\/vc_column][\/vc_row][vc_row][vc_column][vc_column_text css=\u00a0\u00bb.vc_custom_1646313153593{margin-bottom: 0px !important;}\u00a0\u00bb]\n<h4>Chers amis, Ch\u00e8res amies,<br \/>\nc&rsquo;est la boutique U-NITE. Normalement, c&rsquo;est ici que vous achetez vos billets pour nos \u00e9v\u00e9nements. \u00c0 l&rsquo;avenir, nous aurons \u00e9galement une section merchandise des T-shirts et de l&rsquo;art.<\/h4>\n[\/vc_column_text][\/vc_column][\/vc_row]\n<\/div>","protected":false},"excerpt":{"rendered":"<p>[vc_row disable_element=\u00a0\u00bbyes\u00a0\u00bb][vc_column][vc_message color=\u00a0\u00bbinfo\u00a0\u00bb message_box_style=\u00a0\u00bbsolid-icon\u00a0\u00bb]Les pr\u00e9ventes des tickets sont termin\u00e9es. Il est toujours possible d&rsquo;acheter des billets \u00e0 l&rsquo;entr\u00e9e, mais uniquement en cash. On esp\u00e8re vous y voir ![\/vc_message][\/vc_column][\/vc_row][vc_row][vc_column][vc_column_text css=\u00a0\u00bb.vc_custom_1646313153593{margin-bottom: 0px [&hellip;]<\/p>\n","protected":false},"author":1,"featured_media":0,"parent":0,"menu_order":1,"comment_status":"closed","ping_status":"closed","template":"","meta":{"footnotes":""},"class_list":["post-751","page","type-page","status-publish","hentry"],"_links":{"self":[{"href":"https:\/\/www.u-nite.be\/fr\/wp-json\/wp\/v2\/pages\/751","targetHints":{"allow":["GET"]}}],"collection":[{"href":"https:\/\/www.u-nite.be\/fr\/wp-json\/wp\/v2\/pages"}],"about":[{"href":"https:\/\/www.u-nite.be\/fr\/wp-json\/wp\/v2\/types\/page"}],"author":[{"embeddable":true,"href":"https:\/\/www.u-nite.be\/fr\/wp-json\/wp\/v2\/users\/1"}],"replies":[{"embeddable":true,"href":"https:\/\/www.u-nite.be\/fr\/wp-json\/wp\/v2\/comments?post=751"}],"version-history":[{"count":93,"href":"https:\/\/www.u-nite.be\/fr\/wp-json\/wp\/v2\/pages\/751\/revisions"}],"predecessor-version":[{"id":6898,"href":"https:\/\/www.u-nite.be\/fr\/wp-json\/wp\/v2\/pages\/751\/revisions\/6898"}],"wp:attachment":[{"href":"https:\/\/www.u-nite.be\/fr\/wp-json\/wp\/v2\/media?parent=751"}],"curies":[{"name":"wp","href":"https:\/\/api.w.org\/{rel}","templated":true}]}}