


{"id":6473,"date":"2021-06-17T17:08:53","date_gmt":"2021-06-17T15:08:53","guid":{"rendered":"https:\/\/www.u-nite.be\/product\/u-gathering-2021\/"},"modified":"2021-06-17T17:08:53","modified_gmt":"2021-06-17T15:08:53","slug":"u-gathering-2021","status":"publish","type":"product","link":"https:\/\/www.u-nite.be\/fr\/product-fr\/u-gathering-2021\/","title":{"rendered":"U-GATHERING 2021"},"content":{"rendered":"<p>1 Billet valable pour 1 personne.<\/p>\n<p>Les enfants de moins de 13 ans b\u00e9n\u00e9ficient d&rsquo;une entr\u00e9e gratuite.<\/p>\n<p><a href=\"https:\/\/www.u-nite.be\/wordpress\/wp-content\/uploads\/2021\/06\/u-gathering-2021-fb-banner-scaled.jpg\"><img loading=\"lazy\" decoding=\"async\" class=\"alignnone size-medium wp-image-6470\" src=\"https:\/\/www.u-nite.be\/wordpress\/wp-content\/uploads\/2021\/06\/u-gathering-2021-fb-banner-300x157.jpg\" alt=\"\" width=\"300\" height=\"157\" srcset=\"https:\/\/www.u-nite.be\/wordpress\/wp-content\/uploads\/2021\/06\/u-gathering-2021-fb-banner-300x157.jpg 300w, https:\/\/www.u-nite.be\/wordpress\/wp-content\/uploads\/2021\/06\/u-gathering-2021-fb-banner-scaled-600x314.jpg 600w, https:\/\/www.u-nite.be\/wordpress\/wp-content\/uploads\/2021\/06\/u-gathering-2021-fb-banner-1024x536.jpg 1024w, https:\/\/www.u-nite.be\/wordpress\/wp-content\/uploads\/2021\/06\/u-gathering-2021-fb-banner-768x402.jpg 768w, https:\/\/www.u-nite.be\/wordpress\/wp-content\/uploads\/2021\/06\/u-gathering-2021-fb-banner-1536x804.jpg 1536w, https:\/\/www.u-nite.be\/wordpress\/wp-content\/uploads\/2021\/06\/u-gathering-2021-fb-banner-2048x1072.jpg 2048w\" sizes=\"auto, (max-width: 300px) 100vw, 300px\" \/><\/a><\/p>\n","protected":false},"excerpt":{"rendered":"<p>1 Billet valable pour 1 personne. Les enfants de moins de 13 ans b\u00e9n\u00e9ficient d&rsquo;une entr\u00e9e gratuite.<\/p>\n","protected":false},"featured_media":6470,"template":"","meta":[],"product_brand":[],"product_cat":[126],"product_tag":[],"class_list":{"0":"post-6473","1":"product","2":"type-product","3":"status-publish","4":"has-post-thumbnail","6":"product_cat-tickets-u-nite-fr","8":"first","9":"instock","10":"shipping-taxable","11":"purchasable","12":"product-type-simple"},"_links":{"self":[{"href":"https:\/\/www.u-nite.be\/fr\/wp-json\/wp\/v2\/product\/6473","targetHints":{"allow":["GET"]}}],"collection":[{"href":"https:\/\/www.u-nite.be\/fr\/wp-json\/wp\/v2\/product"}],"about":[{"href":"https:\/\/www.u-nite.be\/fr\/wp-json\/wp\/v2\/types\/product"}],"wp:featuredmedia":[{"embeddable":true,"href":"https:\/\/www.u-nite.be\/fr\/wp-json\/wp\/v2\/media\/6470"}],"wp:attachment":[{"href":"https:\/\/www.u-nite.be\/fr\/wp-json\/wp\/v2\/media?parent=6473"}],"wp:term":[{"taxonomy":"product_brand","embeddable":true,"href":"https:\/\/www.u-nite.be\/fr\/wp-json\/wp\/v2\/product_brand?post=6473"},{"taxonomy":"product_cat","embeddable":true,"href":"https:\/\/www.u-nite.be\/fr\/wp-json\/wp\/v2\/product_cat?post=6473"},{"taxonomy":"product_tag","embeddable":true,"href":"https:\/\/www.u-nite.be\/fr\/wp-json\/wp\/v2\/product_tag?post=6473"}],"curies":[{"name":"wp","href":"https:\/\/api.w.org\/{rel}","templated":true}]}}